{"id":6573,"date":"2022-03-16T14:18:27","date_gmt":"2022-03-16T12:18:27","guid":{"rendered":"https:\/\/www.birodi.rs\/?page_id=6573"},"modified":"2022-04-08T00:24:47","modified_gmt":"2022-04-07T22:24:47","slug":"our-team","status":"publish","type":"page","link":"https:\/\/www.birodi.rs\/en\/our-team\/","title":{"rendered":"Our team"},"content":{"rendered":"<div class=\"wpb-content-wrapper\"><p>[vc_row][vc_column width=&#8221;1\/2&#8243;][vc_single_image image=&#8221;4217&#8243; img_size=&#8221;large&#8221;][\/vc_column][vc_column width=&#8221;1\/2&#8243;][vc_custom_heading text=&#8221;Zoran Gavrilovi\u0107&#8221; use_theme_fonts=&#8221;yes&#8221;][vc_custom_heading text=&#8221;Executive director&#8221; font_container=&#8221;tag:h3|text_align:left&#8221; use_theme_fonts=&#8221;yes&#8221;][vc_custom_heading text=&#8221;tel: +381 (0)694283231&#8243; font_container=&#8221;tag:h3|text_align:left&#8221; use_theme_fonts=&#8221;yes&#8221;][vc_custom_heading text=&#8221;zoran.gavrilovic@birodi.rs&#8221; font_container=&#8221;tag:h3|text_align:left&#8221; use_theme_fonts=&#8221;yes&#8221; link=&#8221;url:mailto%3Azoran.gavrilovic%40birodi.rs&#8221;][vc_custom_heading text=&#8221;facebook&#8221; font_container=&#8221;tag:h4|text_align:left&#8221; use_theme_fonts=&#8221;yes&#8221; link=&#8221;url:https%3A%2F%2Fwww.facebook.com%2Fzgavrilovic|target:_blank|rel:nofollow&#8221;][vc_custom_heading text=&#8221;twitter&#8221; font_container=&#8221;tag:h4|text_align:left&#8221; use_theme_fonts=&#8221;yes&#8221; link=&#8221;url:https%3A%2F%2Ftwitter.com%2FGavrilovicZoran|target:_blank|rel:nofollow&#8221;][\/vc_column][\/vc_row][vc_row css=&#8221;.vc_custom_1628168282363{margin-top: 60px !important;}&#8221;][vc_column width=&#8221;1\/2&#8243;][vc_custom_heading text=&#8221;Sne\u017eana \u00d0api\u0107&#8221; use_theme_fonts=&#8221;yes&#8221;][vc_custom_heading text=&#8221;Project coordinator&#8221; font_container=&#8221;tag:h3|text_align:left&#8221; use_theme_fonts=&#8221;yes&#8221;][vc_custom_heading text=&#8221;tel: +381 11 32 30 697; 32 44 329&#8243; font_container=&#8221;tag:h3|text_align:left&#8221; use_theme_fonts=&#8221;yes&#8221;][vc_custom_heading text=&#8221;snezana.djapic@birodi.rs&#8221; font_container=&#8221;tag:h3|text_align:left&#8221; use_theme_fonts=&#8221;yes&#8221; link=&#8221;url:mailto%3Azoran.gavrilovic%40birodi.rs&#8221;][vc_custom_heading text=&#8221;facebook&#8221; font_container=&#8221;tag:h4|text_align:left&#8221; use_theme_fonts=&#8221;yes&#8221; link=&#8221;url:https%3A%2F%2Fwww.facebook.com%2Fzgavrilovic|target:_blank|rel:nofollow&#8221;][vc_custom_heading text=&#8221;linkedin&#8221; font_container=&#8221;tag:h4|text_align:left&#8221; use_theme_fonts=&#8221;yes&#8221; link=&#8221;url:http%3A%2F%2Fwww.linkedin.com%2Fprofile%2Fview%3Fid%3D212240833%26trk%3Dnav_responsive_tab_profile|target:_blank|rel:nofollow&#8221;][\/vc_column][vc_column width=&#8221;1\/2&#8243;][vc_single_image image=&#8221;382&#8243; img_size=&#8221;large&#8221; alignment=&#8221;right&#8221;][\/vc_column][\/vc_row]<\/p>\n<\/div>","protected":false},"excerpt":{"rendered":"<p>[vc_row][vc_column width=&#8221;1\/2&#8243;][vc_single_image image=&#8221;4217&#8243; img_size=&#8221;large&#8221;][\/vc_column][vc_column width=&#8221;1\/2&#8243;][vc_custom_heading text=&#8221;Zoran Gavrilovi\u0107&#8221; use_theme_fonts=&#8221;yes&#8221;][vc_custom_heading text=&#8221;Executive director&#8221; font_container=&#8221;tag:h3|text_align:left&#8221; use_theme_fonts=&#8221;yes&#8221;][vc_custom_heading text=&#8221;tel: +381 (0)694283231&#8243; font_container=&#8221;tag:h3|text_align:left&#8221; use_theme_fonts=&#8221;yes&#8221;][vc_custom_heading text=&#8221;zoran.gavrilovic@birodi.rs&#8221; font_container=&#8221;tag:h3|text_align:left&#8221; use_theme_fonts=&#8221;yes&#8221; link=&#8221;url:mailto%3Azoran.gavrilovic%40birodi.rs&#8221;][vc_custom_heading text=&#8221;facebook&#8221; font_container=&#8221;tag:h4|text_align:left&#8221; use_theme_fonts=&#8221;yes&#8221; link=&#8221;url:https%3A%2F%2Fwww.facebook.com%2Fzgavrilovic|target:_blank|rel:nofollow&#8221;][vc_custom_heading text=&#8221;twitter&#8221; font_container=&#8221;tag:h4|text_align:left&#8221; use_theme_fonts=&#8221;yes&#8221; link=&#8221;url:https%3A%2F%2Ftwitter.com%2FGavrilovicZoran|target:_blank|rel:nofollow&#8221;][\/vc_column][\/vc_row][vc_row css=&#8221;.vc_custom_1628168282363{margin-top: 60px !important;}&#8221;][vc_column width=&#8221;1\/2&#8243;][vc_custom_heading text=&#8221;Sne\u017eana \u00d0api\u0107&#8221; use_theme_fonts=&#8221;yes&#8221;][vc_custom_heading text=&#8221;Project coordinator&#8221; font_container=&#8221;tag:h3|text_align:left&#8221; use_theme_fonts=&#8221;yes&#8221;][vc_custom_heading text=&#8221;tel: +381 11 32 30 697; 32 44 329&#8243; font_container=&#8221;tag:h3|text_align:left&#8221; use_theme_fonts=&#8221;yes&#8221;][vc_custom_heading text=&#8221;snezana.djapic@birodi.rs&#8221; font_container=&#8221;tag:h3|text_align:left&#8221; use_theme_fonts=&#8221;yes&#8221; link=&#8221;url:mailto%3Azoran.gavrilovic%40birodi.rs&#8221;][vc_custom_heading [&hellip;]<\/p>\n","protected":false},"author":1,"featured_media":0,"parent":0,"menu_order":0,"comment_status":"closed","ping_status":"closed","template":"","meta":{"footnotes":""},"class_list":["post-6573","page","type-page","status-publish","hentry"],"_links":{"self":[{"href":"https:\/\/www.birodi.rs\/en\/wp-json\/wp\/v2\/pages\/6573","targetHints":{"allow":["GET"]}}],"collection":[{"href":"https:\/\/www.birodi.rs\/en\/wp-json\/wp\/v2\/pages"}],"about":[{"href":"https:\/\/www.birodi.rs\/en\/wp-json\/wp\/v2\/types\/page"}],"author":[{"embeddable":true,"href":"https:\/\/www.birodi.rs\/en\/wp-json\/wp\/v2\/users\/1"}],"replies":[{"embeddable":true,"href":"https:\/\/www.birodi.rs\/en\/wp-json\/wp\/v2\/comments?post=6573"}],"version-history":[{"count":5,"href":"https:\/\/www.birodi.rs\/en\/wp-json\/wp\/v2\/pages\/6573\/revisions"}],"predecessor-version":[{"id":6650,"href":"https:\/\/www.birodi.rs\/en\/wp-json\/wp\/v2\/pages\/6573\/revisions\/6650"}],"wp:attachment":[{"href":"https:\/\/www.birodi.rs\/en\/wp-json\/wp\/v2\/media?parent=6573"}],"curies":[{"name":"wp","href":"https:\/\/api.w.org\/{rel}","templated":true}]}}